{"id":2,"date":"2023-07-10T07:43:19","date_gmt":"2023-07-10T07:43:19","guid":{"rendered":"https:\/\/lisa-manske.de\/?page_id=2"},"modified":"2025-05-22T15:47:33","modified_gmt":"2025-05-22T15:47:33","slug":"sample-page","status":"publish","type":"page","link":"https:\/\/lisa-manske.de\/","title":{"rendered":"Willkommen auf meiner Internetseite."},"content":{"rendered":"\n<p>Ich arbeite gerade daran, diese f\u00fcr Sie attraktiv neu zu gestalten.<\/p>\n\n\n\n<p>Sie erreichen mich weiterhin telefonisch unter der Telefonnummer 02324\/904888.<\/p>\n\n\n\n<p>Momentan habe ich viele Termine, sodass ich Sie bitte, nur noch mit Termin zu kommen, um Wartezeiten und Entt\u00e4uschung, nicht bedient werden zu k\u00f6nnen, zu vermeiden. Es erleichtert mir au\u00dferdem, die Zeiten einzuhalten und jedem einzelnen Kunden und somit auch Ihnen, gen\u00fcgend Aufmerksamkeit schenken zu k\u00f6nnen.<\/p>\n\n\n\n<p>Wenn ich zu Au\u00dfenterminen unterwegs bin, kann es Ihnen auch passieren, dass Sie mich gar nicht im Studio antreffen, auch das vermeiden Sie mit einer vorherigen Terminvereinbarung. Besonders bei gutem Wetter werden Familien- oder Businessshootings auch spontan nach drau\u00dfen verlegt, weshalb das Pflegen der genauen Studio- und B\u00fcrozeiten z.B. \u00fcber Google, nicht immer m\u00f6glich ist. Ich bitte Sie zu ber\u00fccksichtigen, dass auch kurzfristige Anfragen von Firmen oder Kollegen, f\u00fcr die man einspringt, die Aktualit\u00e4t der Zeiten beeinflussen k\u00f6nnen.<\/p>\n\n\n\n<p>Da ich nicht jeden Anruf direkt beantworten kann, bitte ich Sie, eine Nachricht auf dem AB zu hinterlassen oder eine Email mit Ihrem Anliegen an foto@lisa-manske.de zu schreiben. Eine Angabe der Telefonnummer ist sinnvoll, so lassen sich z.B. Termine einfacher kl\u00e4ren. Ich freue mich \u00fcber Ihre Nachricht :-).<\/p>\n\n\n\n<p>Alternativ kl\u00f6nnen Sie auch \u00fcber den folgenden Link Termine buchen:<\/p>\n\n\n\n<p><a href=\"https:\/\/www.sumupbookings.com\/lisa-manske-fotostudio\">https:\/\/www.sumupbookings.com\/lisa-manske-fotostudio<\/a><\/p>\n\n\n\n<div class=\"wp-block-buttons has-custom-font-size is-vertical is-content-justification-left is-layout-flex wp-container-core-buttons-is-layout-aacc3761 wp-block-buttons-is-layout-flex\" style=\"font-size:42px;font-style:normal;font-weight:700\"><\/div>\n\n\n\n<p><\/p>\n\n\n\n<p>Sicher haben Sie schon von den Neuerungen im Passbildwesen geh\u00f6rt. Seit Mai 2025 m\u00fcssen die Bilder f\u00fcr den Personalausweis und den Reisepass digital an die B\u00fcrgerb\u00fcros \u00fcbermittelt werden. Dazu ist f\u00fcr Fotostudios eine Lizenz n\u00f6tig, die ich in diesem Zuge erworben habe. <\/p>\n\n\n\n<p>Sie k\u00f6nnen also wie gewohnt Passfotos f\u00fcr die verschiedensten Ausweise erstellen lassen. F\u00fcr manche Antr\u00e4ge wie z.B. F\u00fchrerscheine werden noch Papierbilder ben\u00f6tigt, f\u00fcr Reisep\u00e4sse und Personalausweise erhalten Sie einen QR-Code, der dann vom B\u00fcrgerb\u00fcro ausgelesen wird. Bei Fragen stehe ich Ihnen selbstverst\u00e4ndlich gern zur Verf\u00fcgung.<\/p>\n\n\n\n<p><\/p>\n\n\n\n<blockquote class=\"wp-block-quote is-layout-flow wp-block-quote-is-layout-flow\">\n<p>Lisa Manske Fotostudio<br>Bahnhofstr. 41<br>(direkt gegen\u00fcber vom B\u00fcrgerb\u00fcro)<br>45525 Hattingen<br>02324\/904888<br>foto@lisa-manske.de<\/p>\n<\/blockquote>\n","protected":false},"excerpt":{"rendered":"<p>Ich arbeite gerade daran, diese f\u00fcr Sie attraktiv neu zu gestalten. Sie erreichen mich weiterhin telefonisch unter der Telefonnummer 02324\/904888. Momentan habe ich viele Termine, sodass ich Sie bitte, nur noch mit Termin zu kommen, um Wartezeiten und Entt\u00e4uschung, nicht bedient werden zu k\u00f6nnen, zu vermeiden. Es erleichtert mir au\u00dferdem, die Zeiten einzuhalten und jedem &hellip; <\/p>\n<p class=\"link-more\"><a href=\"https:\/\/lisa-manske.de\/\" class=\"more-link\">Continue reading<span class=\"screen-reader-text\"> &#8220;Willkommen auf meiner Internetseite.&#8221;<\/span><\/a><\/p>\n","protected":false},"author":1,"featured_media":0,"parent":0,"menu_order":0,"comment_status":"closed","ping_status":"open","template":"","meta":{"footnotes":""},"class_list":["post-2","page","type-page","status-publish","hentry"],"_links":{"self":[{"href":"https:\/\/lisa-manske.de\/index.php?rest_route=\/wp\/v2\/pages\/2","targetHints":{"allow":["GET"]}}],"collection":[{"href":"https:\/\/lisa-manske.de\/index.php?rest_route=\/wp\/v2\/pages"}],"about":[{"href":"https:\/\/lisa-manske.de\/index.php?rest_route=\/wp\/v2\/types\/page"}],"author":[{"embeddable":true,"href":"https:\/\/lisa-manske.de\/index.php?rest_route=\/wp\/v2\/users\/1"}],"replies":[{"embeddable":true,"href":"https:\/\/lisa-manske.de\/index.php?rest_route=%2Fwp%2Fv2%2Fcomments&post=2"}],"version-history":[{"count":18,"href":"https:\/\/lisa-manske.de\/index.php?rest_route=\/wp\/v2\/pages\/2\/revisions"}],"predecessor-version":[{"id":51,"href":"https:\/\/lisa-manske.de\/index.php?rest_route=\/wp\/v2\/pages\/2\/revisions\/51"}],"wp:attachment":[{"href":"https:\/\/lisa-manske.de\/index.php?rest_route=%2Fwp%2Fv2%2Fmedia&parent=2"}],"curies":[{"name":"wp","href":"https:\/\/api.w.org\/{rel}","templated":true}]}}